{"id":71,"date":"2024-05-12T11:52:02","date_gmt":"2024-05-12T09:52:02","guid":{"rendered":"https:\/\/aio.com.pl\/newbalance-aio\/?post_type=product&#038;p=71"},"modified":"2026-01-22T19:40:51","modified_gmt":"2026-01-22T18:40:51","slug":"new-balance-logic-granatowo-zolte","status":"publish","type":"product","link":"https:\/\/aio.com.pl\/newbalance-aio\/produkt\/new-balance-logic-granatowo-zolte\/","title":{"rendered":"New Balance Logic granatowo \u017c\u00f3\u0142te"},"content":{"rendered":"<p>Buty robocze New Balance Logic, S1 PL SR FO HRO ESD, w kolorze granatowym\/\u017c\u00f3\u0142tym.<\/p>\n<p>Model Logic to nowoczesne, stylowe buty robocze, kt\u00f3rych cholewa zosta\u0142a wykonana z trwa\u0142ego i oddychaj\u0105cego materia\u0142u tekstylnego, kt\u00f3ry gwarantuje swobodny przep\u0142yw powietrza, a zaawansowana konstrukcja Debris Free zapobiega przedostawaniu si\u0119 zanieczyszcze\u0144 do \u015brodka buta. ACTEVA, wysokiej klasy, lekka pianka tworz\u0105ca podeszw\u0119 \u015brodkow\u0105 zapewnia doskona\u0142\u0105 amortyzacj\u0119 oraz jest odporna na zgniecenia. Podeszwa w modelu NB Logic jest antypo\u015blizgowa, odporna na oleje i paliwa oraz chroni stop\u0119 przed ciep\u0142em kontaktowym do 300\u00b0C.<\/p>\n<p><strong>W\u0142a\u015bciwo\u015bci produktu: <\/strong><\/p>\n<ul>\n<li>Antypo\u015blizgowa podeszwa<\/li>\n<li>Absorpcja energii w cz\u0119\u015bci pi\u0119ty<\/li>\n<li>Antyprzebiciowa podeszwa<\/li>\n<li>W\u0142a\u015bciwo\u015bci antyelektrostatyczne ESD<\/li>\n<li>Podeszwa odporna na ciep\u0142o kontaktowe do 300\u00b0C<\/li>\n<li>Odporno\u015b\u0107 podeszwy na oleje i paliwa<\/li>\n<li>Kompozytowy podnosek<\/li>\n<li>Nowoczesny, stylowy wygl\u0105d<\/li>\n<\/ul>\n<p><strong>Zastosowanie: <\/strong><\/p>\n<ul>\n<li>Przemys\u0142 logistyczny<\/li>\n<li>Przemys\u0142 budowlany<\/li>\n<li>Prace magazynowe<\/li>\n<li>Produkcja<\/li>\n<li>Przemys\u0142 motoryzacyjny<\/li>\n<li>Prace na zewn\u0105trz w zmiennych warunkach pogodowych<\/li>\n<\/ul>\n","protected":false},"excerpt":{"rendered":"<p>New Balance Logic, S1 PL SR FO HRO ESD. Buty Logic to nowoczesne, stylowe buty robocze, kt\u00f3rych cholewa zosta\u0142a wykonana z trwa\u0142ego i oddychaj\u0105cego materia\u0142u tekstylnego, kt\u00f3ry gwarantuje swobodny przep\u0142yw powietrza, a zaawansowana konstrukcja Debris Free zapobiega przedostawaniu si\u0119 zanieczyszcze\u0144 do \u015brodka buta. ACTEVA, wysokiej klasy, lekka pianka tworz\u0105ca podeszw\u0119 \u015brodkow\u0105 zapewnia doskona\u0142\u0105 amortyzacj\u0119 oraz jest odporna na zgniecenia. Podeszwa w modelu NB Logic jest antypo\u015blizgowa, odporna na oleje i paliwa oraz chroni stop\u0119 przed ciep\u0142em kontaktowym do 300\u00b0C.<\/p>\n","protected":false},"featured_media":192,"template":"","meta":[],"product_brand":[93],"product_cat":[21],"product_tag":[22],"class_list":{"0":"post-71","1":"product","2":"type-product","3":"status-publish","4":"has-post-thumbnail","6":"product_brand-new-balance-industrial","7":"product_cat-new-balance-buty-robocze","8":"product_tag-buty-robocze","10":"first","11":"instock","12":"shipping-taxable","13":"product-type-simple"},"_links":{"self":[{"href":"https:\/\/aio.com.pl\/newbalance-aio\/wp-json\/wp\/v2\/product\/71","targetHints":{"allow":["GET"]}}],"collection":[{"href":"https:\/\/aio.com.pl\/newbalance-aio\/wp-json\/wp\/v2\/product"}],"about":[{"href":"https:\/\/aio.com.pl\/newbalance-aio\/wp-json\/wp\/v2\/types\/product"}],"wp:featuredmedia":[{"embeddable":true,"href":"https:\/\/aio.com.pl\/newbalance-aio\/wp-json\/wp\/v2\/media\/192"}],"wp:attachment":[{"href":"https:\/\/aio.com.pl\/newbalance-aio\/wp-json\/wp\/v2\/media?parent=71"}],"wp:term":[{"taxonomy":"product_brand","embeddable":true,"href":"https:\/\/aio.com.pl\/newbalance-aio\/wp-json\/wp\/v2\/product_brand?post=71"},{"taxonomy":"product_cat","embeddable":true,"href":"https:\/\/aio.com.pl\/newbalance-aio\/wp-json\/wp\/v2\/product_cat?post=71"},{"taxonomy":"product_tag","embeddable":true,"href":"https:\/\/aio.com.pl\/newbalance-aio\/wp-json\/wp\/v2\/product_tag?post=71"}],"curies":[{"name":"wp","href":"https:\/\/api.w.org\/{rel}","templated":true}]}}