{"id":63,"date":"2024-05-12T11:52:02","date_gmt":"2024-05-12T09:52:02","guid":{"rendered":"https:\/\/aio.com.pl\/newbalance-aio\/?post_type=product&#038;p=63"},"modified":"2026-01-22T19:39:56","modified_gmt":"2026-01-22T18:39:56","slug":"new-balance-elite-lite-czarno-szare-3","status":"publish","type":"product","link":"https:\/\/aio.com.pl\/newbalance-aio\/produkt\/new-balance-elite-lite-czarno-szare-3\/","title":{"rendered":"New Balance Elite Lite czarno szare"},"content":{"rendered":"<p style=\"margin: 0cm; margin-bottom: .0001pt;\">Buty New Balance Elite Lite, S1 PL HRO FO SC SR ESD robocze, w kolorze czarnym\/szarym. Model Elite Lite to but ochronny stworzony na nowo. Buty wyr\u00f3\u017cniaj\u0105 si\u0119 niezwykle nowoczesnym i stylowym wygl\u0105dem. Elite Lite to idealne po\u0142\u0105czenie komfortu, bezpiecze\u0144stwa i stylu. Cholewka wykonana z trwa\u0142ej sk\u00f3ry zamszowej i materia\u0142u tekstylnego zapewnia \u015bwietn\u0105 oddychalno\u015b\u0107 i wytrzyma\u0142o\u015b\u0107. Dzi\u0119ki konstrukcji Debris Free, buty skutecznie zapobiegaj\u0105 przedostawaniu si\u0119 zanieczyszcze\u0144 do wn\u0119trza. Lekka, antyprzebiciowa wk\u0142adka gwarantuje bezpiecze\u0144stwo i komfort podczas pracy. Podeszwa jest antypo\u015blizgowa, odporna na oleje i paliwa oraz chroni przed ciep\u0142em kontaktowym do 300\u00b0C. \u015arodkowa podeszwa z pianki ACTEVA zapewnia znakomit\u0105 amortyzacj\u0119, lekko\u015b\u0107 i odporno\u015b\u0107 na zgniecenia.<\/p>\n<p>&nbsp;<\/p>\n<p><strong>W\u0142a\u015bciwo\u015bci produktu:<\/strong><\/p>\n<ul>\n<li>Chlewa z trwa\u0142ych materia\u0142\u00f3w<\/li>\n<li>Antypo\u015blizgowa podeszwa<\/li>\n<li>Amortyzuj\u0105ca podeszwa z pianki ACTEVA<\/li>\n<li>Antyprzebiciowa podeszwa<\/li>\n<li>W\u0142a\u015bciwo\u015bci antyelektrostatyczne ESD<\/li>\n<li>Podeszwa odporna na ciep\u0142o kontaktowe do 300\u00b0C<\/li>\n<li>Odporno\u015b\u0107 podeszwy na oleje i paliwa<\/li>\n<li>Kompozytowy podnosek<\/li>\n<li>Nowoczesny, stylowy wygl\u0105d<\/li>\n<\/ul>\n<p><strong>Zastosowanie:<\/strong><\/p>\n<ul>\n<li>Przemys\u0142 logistyczny<\/li>\n<li>Przemys\u0142 budowlany<\/li>\n<li>Prace magazynowe<\/li>\n<li>Produkcja<\/li>\n<li>Przemys\u0142 motoryzacyjny<\/li>\n<li>Prace na zewn\u0105trz w zmiennych warunkach pogodowych<\/li>\n<\/ul>\n","protected":false},"excerpt":{"rendered":"<p>New Balance Elite Lite, S1 PL HRO FO SC SR ESD. Model Elite Lite to buty ochronne stworzone na nowo. Buty wyr\u00f3\u017cniaj\u0105 si\u0119 niezwykle nowoczesnym i stylowym wygl\u0105dem. Elite Lite to idealne po\u0142\u0105czenie komfortu, bezpiecze\u0144stwa i stylu. Cholewka wykonana z trwa\u0142ej sk\u00f3ry zamszowej i materia\u0142u tekstylnego zapewnia \u015bwietn\u0105 oddychalno\u015b\u0107 i wytrzyma\u0142o\u015b\u0107. Dzi\u0119ki konstrukcji Debris Free, buty skutecznie zapobiegaj\u0105 przedostawaniu si\u0119 zanieczyszcze\u0144 do wn\u0119trza. Lekka, antyprzebiciowa wk\u0142adka gwarantuje bezpiecze\u0144stwo i komfort podczas pracy. Podeszwa jest antypo\u015blizgowa, odporna na oleje i paliwa oraz chroni przed ciep\u0142em kontaktowym do 300\u00b0C. \u015arodkowa podeszwa z pianki ACTEVA zapewnia znakomit\u0105 amortyzacj\u0119, lekko\u015b\u0107 i odporno\u015b\u0107 na zgniecenia.<\/p>\n","protected":false},"featured_media":1542,"template":"","meta":[],"product_brand":[93],"product_cat":[21],"product_tag":[22],"class_list":{"0":"post-63","1":"product","2":"type-product","3":"status-publish","4":"has-post-thumbnail","6":"product_brand-new-balance-industrial","7":"product_cat-new-balance-buty-robocze","8":"product_tag-buty-robocze","10":"first","11":"instock","12":"shipping-taxable","13":"product-type-simple"},"_links":{"self":[{"href":"https:\/\/aio.com.pl\/newbalance-aio\/wp-json\/wp\/v2\/product\/63","targetHints":{"allow":["GET"]}}],"collection":[{"href":"https:\/\/aio.com.pl\/newbalance-aio\/wp-json\/wp\/v2\/product"}],"about":[{"href":"https:\/\/aio.com.pl\/newbalance-aio\/wp-json\/wp\/v2\/types\/product"}],"wp:featuredmedia":[{"embeddable":true,"href":"https:\/\/aio.com.pl\/newbalance-aio\/wp-json\/wp\/v2\/media\/1542"}],"wp:attachment":[{"href":"https:\/\/aio.com.pl\/newbalance-aio\/wp-json\/wp\/v2\/media?parent=63"}],"wp:term":[{"taxonomy":"product_brand","embeddable":true,"href":"https:\/\/aio.com.pl\/newbalance-aio\/wp-json\/wp\/v2\/product_brand?post=63"},{"taxonomy":"product_cat","embeddable":true,"href":"https:\/\/aio.com.pl\/newbalance-aio\/wp-json\/wp\/v2\/product_cat?post=63"},{"taxonomy":"product_tag","embeddable":true,"href":"https:\/\/aio.com.pl\/newbalance-aio\/wp-json\/wp\/v2\/product_tag?post=63"}],"curies":[{"name":"wp","href":"https:\/\/api.w.org\/{rel}","templated":true}]}}