{"id":58,"date":"2024-05-12T11:52:01","date_gmt":"2024-05-12T09:52:01","guid":{"rendered":"https:\/\/aio.com.pl\/newbalance-aio\/?post_type=product&#038;p=58"},"modified":"2026-01-22T19:31:16","modified_gmt":"2026-01-22T18:31:16","slug":"new-balance-calibre-brazowe","status":"publish","type":"product","link":"https:\/\/aio.com.pl\/newbalance-aio\/produkt\/new-balance-calibre-brazowe\/","title":{"rendered":"New Balance Calibre br\u0105zowe"},"content":{"rendered":"<p>Buty robocze New Balance Calibre, S3L FO HRO SR SC, w kolorze br\u0105zowym.<\/p>\n<p>Model Calibre jest wykonany z wodoodpornej cholewy ze sk\u00f3ry nubuk. Charakteryzuje si\u0119 wytrzyma\u0142o\u015bci\u0105 i trwa\u0142o\u015bci\u0105, a wzmocnienia z materia\u0142u Ndure sprawiaj\u0105, \u017ce buty s\u0105 odporne na \u015bcieranie i uszkodzenia. Zaawansowana konstrukcja cholewy Debris Free zapobiega przedostawaniu si\u0119 zanieczyszcze\u0144 do \u015brodka buta. Solidna podeszwa zapewnia doskona\u0142\u0105 przyczepno\u015b\u0107 i stabilno\u015b\u0107 na r\u00f3\u017cnych powierzchniach, jest antypo\u015blizgowa, odporna na oleje i paliwa oraz chroni stop\u0119 przed ciep\u0142em kontaktowym do 300\u00b0C. Trzewiki New Balance Calibre posiadaj\u0105 niemetalow\u0105, antyprzebiciow\u0105 wk\u0142adk\u0119 wewn\u0119trzn\u0105 oraz kompozytowy podnosek.<br \/>\nDostosowane do ka\u017cdych warunk\u00f3w pracy, a szczeg\u00f3lnie polecane osobom ceni\u0105cym sobie komfort wygodnego zakladnia but\u00f3w bez konieczno\u015bci ich wi\u0105zania.<\/p>\n<p><strong>W\u0142a\u015bciwo\u015bci produktu:<\/strong><\/p>\n<ul>\n<li>Wodoodporna cholewa ze sk\u00f3ry nubuk<\/li>\n<li>Antypo\u015blizgowa podeszwa<\/li>\n<li>Absorpcja energii w cz\u0119\u015bci pi\u0119ty<\/li>\n<li>Antyprzebiciowa podeszwa<\/li>\n<li>W\u0142a\u015bciwo\u015bci antystatyczne<\/li>\n<li>Odporno\u015b\u0107 podeszwy na ciep\u0142o kontaktowe do 300\u00b0C<\/li>\n<li>Odporno\u015b\u0107 podeszwy na oleje i paliwa<\/li>\n<li>Kompozytowy podnosek<\/li>\n<li>Zamek b\u0142yskawiczny YKK<\/li>\n<li>Nowoczesny, stylowy wygl\u0105d<\/li>\n<\/ul>\n<p><strong>Zastosowanie:<\/strong><\/p>\n<ul>\n<li>Przemys\u0142 logistyczny<\/li>\n<li>Przemys\u0142 budowlany<\/li>\n<li>Prace magazynowe<\/li>\n<li>Przemys\u0142 motoryzacyjny<\/li>\n<li>Prace na zewn\u0105trz w zmiennych warunkach pogodowych<\/li>\n<\/ul>\n","protected":false},"excerpt":{"rendered":"<p>Buty New Balance Calibre, S3L FO HRO SR SC.<br \/>\nModel Calibre jest wykonany z wdoodpornej cholewy ze sk\u00f3ry nubuk. Charakteryzuje si\u0119 wytrzyma\u0142o\u015bci\u0105 i trwa\u0142o\u015bci\u0105, a wzmocnienia z materia\u0142u Ndure sprawiaj\u0105, \u017ce buty s\u0105 odporne na \u015bcieranie i uszkodzenia. Zaawansowana konstrukcja cholewy Debris Free zapobiega przedostawaniu si\u0119 zanieczyszcze\u0144 do \u015brodka buta. Solidna podeszwa zapewnia doskona\u0142\u0105 przyczepno\u015b\u0107 i stabilno\u015b\u0107 na r\u00f3\u017cnych powierzchniach, jest antypo\u015blizgowa, odporna na oleje i paliwa oraz chroni stop\u0119 przed ciep\u0142em kontaktowym do 300\u00b0C. Trzewiki New Balance Calibre posiadaj\u0105 niemetalow\u0105, antyprzebiciow\u0105 wk\u0142adk\u0119 wewn\u0119trzn\u0105 oraz kompozytowy podnosek.<br \/>\nDostosowane do ka\u017cdych warunk\u00f3w pracy, a szczeg\u00f3lnie polecane osobom ceni\u0105cym sobie komfort wygodnego zakladnia but\u00f3w bez konieczno\u015bci ich wi\u0105zania.<\/p>\n","protected":false},"featured_media":127,"template":"","meta":[],"product_brand":[93],"product_cat":[21],"product_tag":[22],"class_list":{"0":"post-58","1":"product","2":"type-product","3":"status-publish","4":"has-post-thumbnail","6":"product_brand-new-balance-industrial","7":"product_cat-new-balance-buty-robocze","8":"product_tag-buty-robocze","10":"first","11":"instock","12":"shipping-taxable","13":"product-type-simple"},"_links":{"self":[{"href":"https:\/\/aio.com.pl\/newbalance-aio\/wp-json\/wp\/v2\/product\/58","targetHints":{"allow":["GET"]}}],"collection":[{"href":"https:\/\/aio.com.pl\/newbalance-aio\/wp-json\/wp\/v2\/product"}],"about":[{"href":"https:\/\/aio.com.pl\/newbalance-aio\/wp-json\/wp\/v2\/types\/product"}],"wp:featuredmedia":[{"embeddable":true,"href":"https:\/\/aio.com.pl\/newbalance-aio\/wp-json\/wp\/v2\/media\/127"}],"wp:attachment":[{"href":"https:\/\/aio.com.pl\/newbalance-aio\/wp-json\/wp\/v2\/media?parent=58"}],"wp:term":[{"taxonomy":"product_brand","embeddable":true,"href":"https:\/\/aio.com.pl\/newbalance-aio\/wp-json\/wp\/v2\/product_brand?post=58"},{"taxonomy":"product_cat","embeddable":true,"href":"https:\/\/aio.com.pl\/newbalance-aio\/wp-json\/wp\/v2\/product_cat?post=58"},{"taxonomy":"product_tag","embeddable":true,"href":"https:\/\/aio.com.pl\/newbalance-aio\/wp-json\/wp\/v2\/product_tag?post=58"}],"curies":[{"name":"wp","href":"https:\/\/api.w.org\/{rel}","templated":true}]}}