{"id":54,"date":"2024-05-12T11:52:01","date_gmt":"2024-05-12T09:52:01","guid":{"rendered":"https:\/\/aio.com.pl\/newbalance-aio\/?post_type=product&#038;p=54"},"modified":"2026-01-22T19:34:56","modified_gmt":"2026-01-22T18:34:56","slug":"new-balance-906-sr-damskie-2","status":"publish","type":"product","link":"https:\/\/aio.com.pl\/newbalance-aio\/produkt\/new-balance-906-sr-damskie-2\/","title":{"rendered":"New Balance 906 SR damskie"},"content":{"rendered":"<p>Buty zawodowe New Balance 906SR, OB E HRO SRC.<\/p>\n<p>Model 906 to but w kt\u00f3rym zastosowano wszystkie najlepsze w\u0142a\u015bciwo\u015bci but\u00f3w zawodowych. Zosta\u0142 zaprojektowany tak aby zapewni\u0107 ekstremalny komfort i ochron\u0119 dla u\u017cytkownika. Model 906 jako jedyny but zawodowy posiada technologi\u0119 Fresh Foam, czyli lekk\u0105 piank\u0119 amortyzuj\u0105c\u0105 o wysokiej odporno\u015bci na odkszta\u0142cenia, kt\u00f3ra dzi\u0119ki odpowiedniej strukturze zapewnia mi\u0119kko\u015b\u0107 oraz ochron\u0119 staw\u00f3w podczas d\u0142ugich godzin sp\u0119dzonych w pracy. Dodatkowo buty New Balance 906 posiadaj\u0105 antypo\u015blizgow\u0105 podeszw\u0119. Bezszwowa cholewka wykonana w technologii ci\u0119cia laserowego zmniejsza ryzyko otar\u0107, zapewnia elastyczno\u015b\u0107 buta oraz odpowiednia wsparcie dla stopy i stawu skokowego. Dodatkowym atutem modelu 906 jest wymienna wk\u0142adka Ortholite.<\/p>\n<p>Cechy szczeg\u00f3lne:<\/p>\n<ul>\n<li>wk\u0142adka wymienna Fresh Foam,<\/li>\n<li>bezszwowa cholewa Hyposkin,<\/li>\n<li>szlufka u\u0142atwiaj\u0105ca zak\u0142adanie i \u015bci\u0105ganie but\u00f3w,<\/li>\n<li>antypo\u015blizgowa podeszwa,<\/li>\n<li>wymienna wk\u0142adka Ortholite,<\/li>\n<li>podeszwa odporna na ciep\u0142o.<\/li>\n<\/ul>\n<p>Buty zawodowe New Balance 906SR to stylowe buty robocze dla stanowisk pracy gdzie liczy si\u0119 funkcjonalno\u015b\u0107 i wygoda.<\/p>\n","protected":false},"excerpt":{"rendered":"<p>Buty New Balance 906SR to buty w kt\u00f3rym zastosowano wszystkie najlepsze w\u0142a\u015bciwo\u015bci but\u00f3w zawodowych. Zosta\u0142 zaprojektowany tak aby zapewni\u0107 ekstremalny komfort i ochron\u0119 dla u\u017cytkownika. Model 906 jako jedyny but zawodowy posiada technologi\u0119 Fresh Foam, czyli lekk\u0105 piank\u0119 amortyzuj\u0105c\u0105 o wysokiej odporno\u015bci na odkszta\u0142cenia, kt\u00f3ra dzi\u0119ki odpowiedniej strukturze zapewnia mi\u0119kko\u015b\u0107 oraz ochron\u0119 staw\u00f3w podczas d\u0142ugich godzin sp\u0119dzonych w pracy. Dodatkowo buty New Balance 906 posiadaj\u0105 antypo\u015blizgow\u0105 podeszw\u0119. Bezszwowa cholewka wykonana w technologii ci\u0119cia laserowego zmniejsza ryzyko otar\u0107, zapewnia elastyczno\u015b\u0107 buta oraz odpowiednia wsparcie dla stopy i stawu skokowego. Dodatkowym atutem modelu 906 jest wymienna wk\u0142adka Ortholite.<\/p>\n","protected":false},"featured_media":107,"template":"","meta":[],"product_brand":[93],"product_cat":[18],"product_tag":[19],"class_list":{"0":"post-54","1":"product","2":"type-product","3":"status-publish","4":"has-post-thumbnail","6":"product_brand-new-balance-industrial","7":"product_cat-new-balance-buty-zawodowe","8":"product_tag-buty-zawodowe","10":"first","11":"instock","12":"shipping-taxable","13":"product-type-simple"},"_links":{"self":[{"href":"https:\/\/aio.com.pl\/newbalance-aio\/wp-json\/wp\/v2\/product\/54","targetHints":{"allow":["GET"]}}],"collection":[{"href":"https:\/\/aio.com.pl\/newbalance-aio\/wp-json\/wp\/v2\/product"}],"about":[{"href":"https:\/\/aio.com.pl\/newbalance-aio\/wp-json\/wp\/v2\/types\/product"}],"wp:featuredmedia":[{"embeddable":true,"href":"https:\/\/aio.com.pl\/newbalance-aio\/wp-json\/wp\/v2\/media\/107"}],"wp:attachment":[{"href":"https:\/\/aio.com.pl\/newbalance-aio\/wp-json\/wp\/v2\/media?parent=54"}],"wp:term":[{"taxonomy":"product_brand","embeddable":true,"href":"https:\/\/aio.com.pl\/newbalance-aio\/wp-json\/wp\/v2\/product_brand?post=54"},{"taxonomy":"product_cat","embeddable":true,"href":"https:\/\/aio.com.pl\/newbalance-aio\/wp-json\/wp\/v2\/product_cat?post=54"},{"taxonomy":"product_tag","embeddable":true,"href":"https:\/\/aio.com.pl\/newbalance-aio\/wp-json\/wp\/v2\/product_tag?post=54"}],"curies":[{"name":"wp","href":"https:\/\/api.w.org\/{rel}","templated":true}]}}