{"id":49,"date":"2024-05-12T11:52:01","date_gmt":"2024-05-12T09:52:01","guid":{"rendered":"https:\/\/aio.com.pl\/newbalance-aio\/?post_type=product&#038;p=49"},"modified":"2026-01-22T19:34:11","modified_gmt":"2026-01-22T18:34:11","slug":"new-balance-515-sr-meskie-2","status":"publish","type":"product","link":"https:\/\/aio.com.pl\/newbalance-aio\/produkt\/new-balance-515-sr-meskie-2\/","title":{"rendered":"New Balance 515 SR m\u0119skie"},"content":{"rendered":"<p>Buty zawodowe New Balance 515 SR, OB E HRO SRC.<\/p>\n<p>Model 515 \u0142\u0105czy w sobie klasyczny wygl\u0105d but\u00f3w New Balance z komfortem i funkcjonalno\u015bci\u0105 but\u00f3w zawodowych dla bran\u017cy medycznej, gastronomicznej i hotelarskiej.<br \/>\nButy zawodowe New Balance w odr\u00f3\u017cnieniu od klasycznego modelu posiadaj\u0105 dodatkowo antypo\u015blizgow\u0105 podeszw\u0119 oraz mi\u0119kk\u0105 i amortyzuj\u0105c\u0105 wk\u0142adk\u0119 EVA, oraz cholew\u0119 wykonan\u0105 z wodoodpornego materia\u0142u Oxford. Pianka EVA podeszwy \u015brodkowej formowana pod wysokim ci\u015bnieniem zapewnia bardzo dobr\u0105 amortyzacj\u0119 na ca\u0142ej d\u0142ugo\u015bci stopy. Wzmocnienia w miejscach, gdzie najcz\u0119\u015bciej dochodzi do przetar\u0107, mi\u0119kkie wn\u0119trze buta oraz praktyczne wzmocnienie w cz\u0119\u015bci pi\u0119ty sprawiaj\u0105, \u017ce New Balance 515 jest idealnym butem zapewniaj\u0105cym komfort i wygod\u0119 przez wiele godzin w miejscu pracy.<\/p>\n<p>&nbsp;<\/p>\n<p>Cechu szczeg\u00f3lne:<\/p>\n<ul>\n<li>mi\u0119kka i amortyzuj\u0105ca \u015brodkowa podeszwa EVA,<\/li>\n<li>wodoodporna cholewa,<\/li>\n<li>wzmocnienia ze sk\u00f3ry zamszowej,<\/li>\n<li>antypo\u015blizgowa podeszwa,<\/li>\n<li>wzmocnienie pi\u0119ty TPU,<\/li>\n<li>podeszwa odporna na ciep\u0142o.<\/li>\n<\/ul>\n<p>&nbsp;<\/p>\n","protected":false},"excerpt":{"rendered":"<p>Buty New Balance 515. Model 515 \u0142\u0105czy w sobie klasyczny wygl\u0105d but\u00f3w New Balance z komfortem i funkcjonalno\u015bci\u0105 but\u00f3w zawodowych dla bran\u017cy medycznej, gastronomicznej i hotelarskiej. Buty zawodowe New Balance w odr\u00f3\u017cnieniu od klasycznego modelu posiadaj\u0105 dodatkowo antypo\u015blizgow\u0105 podeszw\u0119 oraz mi\u0119kk\u0105 i amortyzuj\u0105c\u0105 wk\u0142adk\u0119 EVA, oraz cholew\u0119 wykonan\u0105 z wodoodpornego materia\u0142u Oxford. Pianka EVA podeszwy \u015brodkowej formowana pod wysokim ci\u015bnieniem zapewnia bardzo dobr\u0105 amortyzacj\u0119 na ca\u0142ej d\u0142ugo\u015bci stopy. Wzmocnienia w miejscach, gdzie najcz\u0119\u015bciej dochodzi do przetar\u0107, mi\u0119kkie wn\u0119trze buta oraz praktyczne wzmocnienie w cz\u0119\u015bci pi\u0119ty sprawiaj\u0105, \u017ce New Balance 515 jest idealnym butem zapewniaj\u0105cym komfort i wygod\u0119 przez wiele godzin w miejscu pracy.<\/p>\n","protected":false},"featured_media":417,"template":"","meta":[],"product_brand":[93],"product_cat":[18],"product_tag":[19],"class_list":{"0":"post-49","1":"product","2":"type-product","3":"status-publish","4":"has-post-thumbnail","6":"product_brand-new-balance-industrial","7":"product_cat-new-balance-buty-zawodowe","8":"product_tag-buty-zawodowe","10":"first","11":"instock","12":"shipping-taxable","13":"product-type-simple"},"_links":{"self":[{"href":"https:\/\/aio.com.pl\/newbalance-aio\/wp-json\/wp\/v2\/product\/49","targetHints":{"allow":["GET"]}}],"collection":[{"href":"https:\/\/aio.com.pl\/newbalance-aio\/wp-json\/wp\/v2\/product"}],"about":[{"href":"https:\/\/aio.com.pl\/newbalance-aio\/wp-json\/wp\/v2\/types\/product"}],"wp:featuredmedia":[{"embeddable":true,"href":"https:\/\/aio.com.pl\/newbalance-aio\/wp-json\/wp\/v2\/media\/417"}],"wp:attachment":[{"href":"https:\/\/aio.com.pl\/newbalance-aio\/wp-json\/wp\/v2\/media?parent=49"}],"wp:term":[{"taxonomy":"product_brand","embeddable":true,"href":"https:\/\/aio.com.pl\/newbalance-aio\/wp-json\/wp\/v2\/product_brand?post=49"},{"taxonomy":"product_cat","embeddable":true,"href":"https:\/\/aio.com.pl\/newbalance-aio\/wp-json\/wp\/v2\/product_cat?post=49"},{"taxonomy":"product_tag","embeddable":true,"href":"https:\/\/aio.com.pl\/newbalance-aio\/wp-json\/wp\/v2\/product_tag?post=49"}],"curies":[{"name":"wp","href":"https:\/\/api.w.org\/{rel}","templated":true}]}}