{"id":2195,"date":"2025-11-20T09:11:15","date_gmt":"2025-11-20T08:11:15","guid":{"rendered":"https:\/\/aio.com.pl\/newbalance-aio\/?post_type=product&#038;p=2195"},"modified":"2026-01-22T18:47:07","modified_gmt":"2026-01-22T17:47:07","slug":"new-balance-allsite-s3-wr-src-brazowo-czarne","status":"publish","type":"product","link":"https:\/\/aio.com.pl\/newbalance-aio\/produkt\/new-balance-allsite-s3-wr-src-brazowo-czarne\/","title":{"rendered":"New Balance Allsite S3 WR SRC br\u0105zowo czarne"},"content":{"rendered":"<p data-start=\"0\" data-end=\"430\">New Balance Allsite zapewnia ochron\u0119 w ka\u017cdych warunkach. Wodoodporna konstrukcja cholewki gwarantuje bezpiecze\u0144stwo niezale\u017cnie od pogody, a ca\u0142o\u015b\u0107 wykonano z wyj\u0105tkowo lekkich materia\u0142\u00f3w, takich jak kompozytowy podnosek, lekka podeszwa \u015brodkowa oraz oczka z TPU. Elementy zastosowane w modelu Allsite zmniejszaj\u0105 zm\u0119czenie nawet podczas najd\u0142u\u017cszego dnia na budowie, nie rezygnuj\u0105c przy tym z wysokiego poziomu bezpiecze\u0144stwa.<\/p>\n<p data-start=\"432\" data-end=\"623\" data-is-last-node=\"\" data-is-only-node=\"\">Dodatkowo wk\u0142adka NB Comfort, podeszwa \u015brodkowa Acteva oraz solidny zapi\u0119tek zapewniaj\u0105 komfort, stabilno\u015b\u0107 i elastyczno\u015b\u0107 dla najbardziej aktywnych pracownik\u00f3w.<br data-start=\"593\" data-end=\"596\" \/><strong data-start=\"596\" data-end=\"623\" data-is-last-node=\"\">KOMFORT W CZASIE PRACY.<\/strong><\/p>\n","protected":false},"excerpt":{"rendered":"<p>New Balance Allsite zapewnia ochron\u0119 w ka\u017cdych warunkach. Wodoodporna konstrukcja cholewki gwarantuje bezpiecze\u0144stwo niezale\u017cnie od pogody, a ca\u0142o\u015b\u0107 wykonano z wyj\u0105tkowo lekkich materia\u0142\u00f3w, takich jak kompozytowy podnosek, lekka podeszwa \u015brodkowa oraz oczka z TPU. Elementy zastosowane w modelu Allsite zmniejszaj\u0105 zm\u0119czenie nawet podczas najd\u0142u\u017cszego dnia na budowie, nie rezygnuj\u0105c przy tym z wysokiego poziomu bezpiecze\u0144stwa.<\/p>\n","protected":false},"featured_media":2196,"template":"","meta":[],"product_brand":[93],"product_cat":[21],"product_tag":[22],"class_list":{"0":"post-2195","1":"product","2":"type-product","3":"status-publish","4":"has-post-thumbnail","6":"product_brand-new-balance-industrial","7":"product_cat-new-balance-buty-robocze","8":"product_tag-buty-robocze","10":"first","11":"instock","12":"shipping-taxable","13":"product-type-simple"},"_links":{"self":[{"href":"https:\/\/aio.com.pl\/newbalance-aio\/wp-json\/wp\/v2\/product\/2195","targetHints":{"allow":["GET"]}}],"collection":[{"href":"https:\/\/aio.com.pl\/newbalance-aio\/wp-json\/wp\/v2\/product"}],"about":[{"href":"https:\/\/aio.com.pl\/newbalance-aio\/wp-json\/wp\/v2\/types\/product"}],"wp:featuredmedia":[{"embeddable":true,"href":"https:\/\/aio.com.pl\/newbalance-aio\/wp-json\/wp\/v2\/media\/2196"}],"wp:attachment":[{"href":"https:\/\/aio.com.pl\/newbalance-aio\/wp-json\/wp\/v2\/media?parent=2195"}],"wp:term":[{"taxonomy":"product_brand","embeddable":true,"href":"https:\/\/aio.com.pl\/newbalance-aio\/wp-json\/wp\/v2\/product_brand?post=2195"},{"taxonomy":"product_cat","embeddable":true,"href":"https:\/\/aio.com.pl\/newbalance-aio\/wp-json\/wp\/v2\/product_cat?post=2195"},{"taxonomy":"product_tag","embeddable":true,"href":"https:\/\/aio.com.pl\/newbalance-aio\/wp-json\/wp\/v2\/product_tag?post=2195"}],"curies":[{"name":"wp","href":"https:\/\/api.w.org\/{rel}","templated":true}]}}