{"id":2163,"date":"2025-11-19T15:34:31","date_gmt":"2025-11-19T14:34:31","guid":{"rendered":"https:\/\/aio.com.pl\/newbalance-aio\/?post_type=product&#038;p=2163"},"modified":"2026-01-22T18:48:10","modified_gmt":"2026-01-22T17:48:10","slug":"new-balance-speedware-s1-p-czarne","status":"publish","type":"product","link":"https:\/\/aio.com.pl\/newbalance-aio\/produkt\/new-balance-speedware-s1-p-czarne\/","title":{"rendered":"New Balance Speedware S1 P czarne"},"content":{"rendered":"<p>Buty New Balance Speedware to szczyt lekkiego i komfortowego obuwia ochronnego. Technologia podeszwy \u015brodkowej New Balance ACTEVA w po\u0142\u0105czeniu z wk\u0142adk\u0105 NB Comfort tworzy idealne po\u0142\u0105czenie wsparcia, amortyzacji i elastyczno\u015bci. Dodatkowo podeszwa zewn\u0119trzna z bie\u017cnikiem AT TREAD zapewnia najwy\u017cszy poziom odporno\u015bci na po\u015blizg.<\/p>\n<p data-start=\"320\" data-end=\"479\" data-is-last-node=\"\" data-is-only-node=\"\">Speedware zosta\u0142o zaprojektowane z my\u015bl\u0105 o aktywnych pracownikach, zar\u00f3wno w pracy w pomieszczeniach, jak i na \u015bwie\u017cym powietrzu.<br data-start=\"449\" data-end=\"452\" \/><strong data-start=\"452\" data-end=\"479\" data-is-last-node=\"\">KOMFORT W CZASIE PRACY<\/strong><\/p>\n","protected":false},"excerpt":{"rendered":"<p>Buty New Balance Speedware to szczyt lekkiego i komfortowego obuwia ochronnego. Technologia podeszwy \u015brodkowej New Balance ACTEVA w po\u0142\u0105czeniu z wk\u0142adk\u0105 NB Comfort tworzy idealne po\u0142\u0105czenie wsparcia, amortyzacji i elastyczno\u015bci. Dodatkowo podeszwa zewn\u0119trzna z bie\u017cnikiem AT TREAD zapewnia najwy\u017cszy poziom odporno\u015bci na po\u015blizg.<\/p>\n","protected":false},"featured_media":2164,"template":"","meta":[],"product_brand":[93],"product_cat":[21],"product_tag":[22],"class_list":{"0":"post-2163","1":"product","2":"type-product","3":"status-publish","4":"has-post-thumbnail","6":"product_brand-new-balance-industrial","7":"product_cat-new-balance-buty-robocze","8":"product_tag-buty-robocze","10":"first","11":"instock","12":"shipping-taxable","13":"product-type-simple"},"_links":{"self":[{"href":"https:\/\/aio.com.pl\/newbalance-aio\/wp-json\/wp\/v2\/product\/2163","targetHints":{"allow":["GET"]}}],"collection":[{"href":"https:\/\/aio.com.pl\/newbalance-aio\/wp-json\/wp\/v2\/product"}],"about":[{"href":"https:\/\/aio.com.pl\/newbalance-aio\/wp-json\/wp\/v2\/types\/product"}],"wp:featuredmedia":[{"embeddable":true,"href":"https:\/\/aio.com.pl\/newbalance-aio\/wp-json\/wp\/v2\/media\/2164"}],"wp:attachment":[{"href":"https:\/\/aio.com.pl\/newbalance-aio\/wp-json\/wp\/v2\/media?parent=2163"}],"wp:term":[{"taxonomy":"product_brand","embeddable":true,"href":"https:\/\/aio.com.pl\/newbalance-aio\/wp-json\/wp\/v2\/product_brand?post=2163"},{"taxonomy":"product_cat","embeddable":true,"href":"https:\/\/aio.com.pl\/newbalance-aio\/wp-json\/wp\/v2\/product_cat?post=2163"},{"taxonomy":"product_tag","embeddable":true,"href":"https:\/\/aio.com.pl\/newbalance-aio\/wp-json\/wp\/v2\/product_tag?post=2163"}],"curies":[{"name":"wp","href":"https:\/\/api.w.org\/{rel}","templated":true}]}}