{"id":1634,"date":"2025-03-19T11:37:49","date_gmt":"2025-03-19T10:37:49","guid":{"rendered":"https:\/\/aio.com.pl\/newbalance-aio\/?post_type=product&#038;p=1634"},"modified":"2026-01-22T19:45:14","modified_gmt":"2026-01-22T18:45:14","slug":"new-balance-cremorne-boa-czarno-szare","status":"publish","type":"product","link":"https:\/\/aio.com.pl\/newbalance-aio\/produkt\/new-balance-cremorne-boa-czarno-szare\/","title":{"rendered":"New Balance Cremorne Boa czarno szare"},"content":{"rendered":"<p>Buty robocze New Balance Fresh Foam Cremorne Boa, szeroko\u015b\u0107 2E, S3L HRO FO SC SR, czarno\/szare, kompozytowy podnosek z w\u0142\u00f3kna szklanego, podeszwa \u015brodkowa Fresh Foam, wk\u0142adka NB Comfort, podeszwa antypo\u015blizgowa, system Boa Fit, kompatybilne z ESD.<\/p>\n","protected":false},"excerpt":{"rendered":"<p>Buty robocze New Balance Fresh Foam Cremorne Boa.<\/p>\n","protected":false},"featured_media":1635,"template":"","meta":[],"product_brand":[93],"product_cat":[21],"product_tag":[22],"class_list":{"0":"post-1634","1":"product","2":"type-product","3":"status-publish","4":"has-post-thumbnail","6":"product_brand-new-balance-industrial","7":"product_cat-new-balance-buty-robocze","8":"product_tag-buty-robocze","10":"first","11":"instock","12":"shipping-taxable","13":"product-type-simple"},"_links":{"self":[{"href":"https:\/\/aio.com.pl\/newbalance-aio\/wp-json\/wp\/v2\/product\/1634","targetHints":{"allow":["GET"]}}],"collection":[{"href":"https:\/\/aio.com.pl\/newbalance-aio\/wp-json\/wp\/v2\/product"}],"about":[{"href":"https:\/\/aio.com.pl\/newbalance-aio\/wp-json\/wp\/v2\/types\/product"}],"wp:featuredmedia":[{"embeddable":true,"href":"https:\/\/aio.com.pl\/newbalance-aio\/wp-json\/wp\/v2\/media\/1635"}],"wp:attachment":[{"href":"https:\/\/aio.com.pl\/newbalance-aio\/wp-json\/wp\/v2\/media?parent=1634"}],"wp:term":[{"taxonomy":"product_brand","embeddable":true,"href":"https:\/\/aio.com.pl\/newbalance-aio\/wp-json\/wp\/v2\/product_brand?post=1634"},{"taxonomy":"product_cat","embeddable":true,"href":"https:\/\/aio.com.pl\/newbalance-aio\/wp-json\/wp\/v2\/product_cat?post=1634"},{"taxonomy":"product_tag","embeddable":true,"href":"https:\/\/aio.com.pl\/newbalance-aio\/wp-json\/wp\/v2\/product_tag?post=1634"}],"curies":[{"name":"wp","href":"https:\/\/api.w.org\/{rel}","templated":true}]}}