{"id":1608,"date":"2025-03-19T11:05:40","date_gmt":"2025-03-19T10:05:40","guid":{"rendered":"https:\/\/aio.com.pl\/newbalance-aio\/?post_type=product&#038;p=1608"},"modified":"2026-01-22T19:44:22","modified_gmt":"2026-01-22T18:44:22","slug":"new-balance-cremorne-czarno-szare","status":"publish","type":"product","link":"https:\/\/aio.com.pl\/newbalance-aio\/produkt\/new-balance-cremorne-czarno-szare\/","title":{"rendered":"New Balance Cremorne czarno szare"},"content":{"rendered":"<p>Buty robocze New Balance Cremorne, S3L HRO FO SC SR ESD, w kolorze czarnym\/szarym.<\/p>\n<p>NB Cremorne to lekkie p\u00f3\u0142buty ochronne, kt\u00f3re \u0142\u0105cz\u0105 nowoczesny styl z wysokim komfortem i trwa\u0142o\u015bci\u0105. Bezszwowa cholewa z oddychaj\u0105cego materia\u0142u tekstylnego jest odporna na \u015bcieranie i zmniejsza ryzyko otar\u0107, a zaawansowana konstrukcja Debris Free zapobiega przedostawaniu si\u0119 zanieczyszcze\u0144 do wn\u0119trza buta. Innowacyjna podeszwa z pianki Fresh Foam zapewnia wyj\u0105tkow\u0105 amortyzacj\u0119, elastyczno\u015b\u0107 i odporno\u015b\u0107 na odkszta\u0142cenia. Dodatkowo jest antyprzebiciowa i odporna na wysokie temperatury. Bie\u017cnik AD TREAD gwarantuje doskona\u0142\u0105 przyczepno\u015b\u0107 na r\u00f3\u017cnych nawierzchniach, a wzmocnienia TPU zwi\u0119kszaj\u0105 ochron\u0119 i trwa\u0142o\u015b\u0107 obuwia. Kompozytowy podnosek chroni palce przed urazami, a anatomiczna, wymienna wk\u0142adka wspiera \u0142uk stopy, zapewniaj\u0105c komfort nawet podczas wielogodzinnej pracy.<\/p>\n<p>&nbsp;<\/p>\n<p><strong>W\u0142a\u015bciwo\u015bci produktu: <\/strong><\/p>\n<ul>\n<li>Bezszwowa cholewa odporna na \u015bcieranie<\/li>\n<li>Oddychaj\u0105ca wy\u015bci\u00f3\u0142ka z siatki<\/li>\n<li>Antypo\u015blizgowa podeszwa<\/li>\n<li>Antyprzebiciowa podeszwa<\/li>\n<li>Podeszwa odporna na ciep\u0142o kontaktowe do 300\u00b0C<\/li>\n<li>Podeszwa odporna na odkszta\u0142cenia<\/li>\n<li>Doskona\u0142a amortyzacja<\/li>\n<li>W\u0142a\u015bciwo\u015bci antyelektrostatyczne ESD<\/li>\n<li>Odporno\u015b\u0107 podeszwy na oleje i paliwa<\/li>\n<li>Doskona\u0142a przyczepno\u015b\u0107 dzi\u0119ki technologii AT TREAD<\/li>\n<li>Kompozytowy podnosek<\/li>\n<li>P\u0119tla u\u0142atwiaj\u0105ca zak\u0142adanie but\u00f3w<\/li>\n<li>Wzmocnienia TPU na pi\u0119cie, czubkach palc\u00f3w i wok\u00f3\u0142 ca\u0142ej stopy<\/li>\n<li>Wymienna, anatomicznie ukszta\u0142towana wk\u0142adka NB Comfort<\/li>\n<li>Nowoczesny, stylowy wygl\u0105d<\/li>\n<\/ul>\n<p>&nbsp;<\/p>\n<p><strong>Zastosowanie: <\/strong><\/p>\n<ul>\n<li>Przemys\u0142 logistyczny<\/li>\n<li>Przemys\u0142 motoryzacyjny<\/li>\n<li>Przemys\u0142 budowlany<\/li>\n<li>Prace magazynowe<\/li>\n<li>Produkcja<\/li>\n<li>Prace na zewn\u0105trz w zmiennych warunkach pogodowych<\/li>\n<\/ul>\n","protected":false},"excerpt":{"rendered":"<p><strong>Buty New Balance Cremorne, S3L HRO FO SC SR ESD.<\/strong><\/p>\n<p>Buty robocze New Balance Cremorne to lekkie, nowoczesne p\u00f3\u0142buty stworzone do pracy w wymagaj\u0105cych warunkach. Bezszwowa, oddychaj\u0105ca cholewa z materia\u0142u tekstylnego zapewnia komfort i odporno\u015b\u0107 na \u015bcieranie. Podeszwa z pianki Fresh Foam gwarantuje doskona\u0142\u0105 amortyzacj\u0119, elastyczno\u015b\u0107 i ochron\u0119 przed przebiciem oraz wysok\u0105 temperatur\u0105. Bie\u017cnik AD TREAD zapewnia \u015bwietn\u0105 przyczepno\u015b\u0107, a wzmocnienia TPU zwi\u0119kszaj\u0105 trwa\u0142o\u015b\u0107. Buty wyposa\u017cone s\u0105 w kompozytowy podnosek i anatomiczn\u0105 wk\u0142adk\u0119 wspieraj\u0105c\u0105 \u0142uk stopy, co zapewnia maksymalne bezpiecze\u0144stwo i wygod\u0119 przez ca\u0142y dzie\u0144.<\/p>\n","protected":false},"featured_media":1609,"template":"","meta":[],"product_brand":[93],"product_cat":[21],"product_tag":[22],"class_list":{"0":"post-1608","1":"product","2":"type-product","3":"status-publish","4":"has-post-thumbnail","6":"product_brand-new-balance-industrial","7":"product_cat-new-balance-buty-robocze","8":"product_tag-buty-robocze","10":"first","11":"instock","12":"shipping-taxable","13":"product-type-simple"},"_links":{"self":[{"href":"https:\/\/aio.com.pl\/newbalance-aio\/wp-json\/wp\/v2\/product\/1608","targetHints":{"allow":["GET"]}}],"collection":[{"href":"https:\/\/aio.com.pl\/newbalance-aio\/wp-json\/wp\/v2\/product"}],"about":[{"href":"https:\/\/aio.com.pl\/newbalance-aio\/wp-json\/wp\/v2\/types\/product"}],"wp:featuredmedia":[{"embeddable":true,"href":"https:\/\/aio.com.pl\/newbalance-aio\/wp-json\/wp\/v2\/media\/1609"}],"wp:attachment":[{"href":"https:\/\/aio.com.pl\/newbalance-aio\/wp-json\/wp\/v2\/media?parent=1608"}],"wp:term":[{"taxonomy":"product_brand","embeddable":true,"href":"https:\/\/aio.com.pl\/newbalance-aio\/wp-json\/wp\/v2\/product_brand?post=1608"},{"taxonomy":"product_cat","embeddable":true,"href":"https:\/\/aio.com.pl\/newbalance-aio\/wp-json\/wp\/v2\/product_cat?post=1608"},{"taxonomy":"product_tag","embeddable":true,"href":"https:\/\/aio.com.pl\/newbalance-aio\/wp-json\/wp\/v2\/product_tag?post=1608"}],"curies":[{"name":"wp","href":"https:\/\/api.w.org\/{rel}","templated":true}]}}